{"id":49,"date":"2024-04-06T13:33:47","date_gmt":"2024-04-06T13:33:47","guid":{"rendered":"https:\/\/kyattox.com\/?page_id=49"},"modified":"2024-04-06T13:44:39","modified_gmt":"2024-04-06T13:44:39","slug":"49-2","status":"publish","type":"page","link":"https:\/\/kyattox.com\/index.php\/49-2\/","title":{"rendered":"\u00bfQuien soy?"},"content":{"rendered":"<figure class=\"wp-block-image alignfull size-large\"><img fetchpriority=\"high\" decoding=\"async\" width=\"1024\" height=\"684\" src=\"https:\/\/kyattox.com\/wp-content\/uploads\/2024\/04\/anas1-1-1024x684.jpg\" alt=\"\" class=\"wp-image-50\" srcset=\"https:\/\/kyattox.com\/wp-content\/uploads\/2024\/04\/anas1-1-1024x684.jpg 1024w, https:\/\/kyattox.com\/wp-content\/uploads\/2024\/04\/anas1-1-300x200.jpg 300w, https:\/\/kyattox.com\/wp-content\/uploads\/2024\/04\/anas1-1-768x513.jpg 768w, https:\/\/kyattox.com\/wp-content\/uploads\/2024\/04\/anas1-1-1536x1025.jpg 1536w, https:\/\/kyattox.com\/wp-content\/uploads\/2024\/04\/anas1-1-2048x1367.jpg 2048w\" sizes=\"(max-width: 1024px) 100vw, 1024px\" \/><\/figure><div class=\"wp-block-group has-global-padding is-layout-constrained wp-block-group-is-layout-constrained\"><div class=\"wp-block-group alignfull is-vertical is-layout-flex wp-container-core-group-is-layout-fe9cc265 wp-block-group-is-layout-flex\"><div class=\"wp-block-group has-global-padding is-layout-constrained wp-block-group-is-layout-constrained\"><figure class=\"wp-block-pullquote alignwide\"><blockquote><p>\u00a1Bienvenido al apasionante mundo de la creatividad digital! <br><br><br>Soy Anas, conocido en el \u00e1mbito art\u00edstico como Kyattox, y me enorgullece ofrecerte m\u00e1s de 7 a\u00f1os de experiencia en dise\u00f1o digital, fotograf\u00eda de paisajes y negocios, as\u00ed como en la edici\u00f3n de video y fotos. A lo largo de mi carrera, he tenido el privilegio de trabajar con clientes de todo el mundo, desde Canad\u00e1 hasta Espa\u00f1a, pasando por Estados Unidos y Australia.<br><br><br>En el campo del dise\u00f1o digital, he perfeccionado mi habilidad para materializar ideas en dise\u00f1os visualmente impactantes que cautivan al espectador. Mis proyectos han sido reconocidos por su innovaci\u00f3n y calidad, y mi enfoque meticuloso garantiza la satisfacci\u00f3n de mis clientes en cada etapa del proceso creativo.<br><br><br>En cuanto a la fotograf\u00eda, me apasiona capturar la belleza de los paisajes naturales y la autenticidad de los negocios a trav\u00e9s de mi lente. Recientemente, tuve el honor de realizar todas las fotograf\u00edas para el cat\u00e1logo de la empresa ExtraDai, lo que me permiti\u00f3 fusionar mi pasi\u00f3n por la fotograf\u00eda con mi compromiso con la excelencia profesional.<br><br><br>Mi objetivo es siempre superar las expectativas de mis clientes, brindando soluciones visuales excepcionales que resalten la esencia y la personalidad de cada proyecto. Con un enfoque centrado en la calidad, la creatividad y la satisfacci\u00f3n del cliente, estoy comprometido a llevar tus ideas al siguiente nivel y hacer que tu visi\u00f3n cobre vida.<br><br><br>\u00a1No dudes en ponerte en contacto conmigo para descubrir c\u00f3mo puedo ayudarte a alcanzar tus objetivos creativos y visuales!<\/p><\/blockquote><\/figure><\/div><\/div><\/div>","protected":false},"excerpt":{"rendered":"<p>\u00a1Bienvenido al apasionante mundo de la creatividad digital! Soy Anas, conocido en el \u00e1mbito art\u00edstico como Kyattox, y me enorgullece ofrecerte m\u00e1s de 7 a\u00f1os de experiencia en dise\u00f1o digital, fotograf\u00eda de paisajes y negocios, as\u00ed como en la edici\u00f3n de video y fotos. A lo largo de mi carrera, he tenido el privilegio de [&hellip;]<\/p>\n","protected":false},"author":1,"featured_media":0,"parent":0,"menu_order":0,"comment_status":"closed","ping_status":"closed","template":"","meta":{"footnotes":""},"class_list":["post-49","page","type-page","status-publish","hentry"],"_links":{"self":[{"href":"https:\/\/kyattox.com\/index.php\/wp-json\/wp\/v2\/pages\/49","targetHints":{"allow":["GET"]}}],"collection":[{"href":"https:\/\/kyattox.com\/index.php\/wp-json\/wp\/v2\/pages"}],"about":[{"href":"https:\/\/kyattox.com\/index.php\/wp-json\/wp\/v2\/types\/page"}],"author":[{"embeddable":true,"href":"https:\/\/kyattox.com\/index.php\/wp-json\/wp\/v2\/users\/1"}],"replies":[{"embeddable":true,"href":"https:\/\/kyattox.com\/index.php\/wp-json\/wp\/v2\/comments?post=49"}],"version-history":[{"count":2,"href":"https:\/\/kyattox.com\/index.php\/wp-json\/wp\/v2\/pages\/49\/revisions"}],"predecessor-version":[{"id":57,"href":"https:\/\/kyattox.com\/index.php\/wp-json\/wp\/v2\/pages\/49\/revisions\/57"}],"wp:attachment":[{"href":"https:\/\/kyattox.com\/index.php\/wp-json\/wp\/v2\/media?parent=49"}],"curies":[{"name":"wp","href":"https:\/\/api.w.org\/{rel}","templated":true}]}}