{"id":58,"date":"2024-04-06T14:11:56","date_gmt":"2024-04-06T14:11:56","guid":{"rendered":"https:\/\/kyattox.com\/?page_id=58"},"modified":"2024-04-06T14:12:14","modified_gmt":"2024-04-06T14:12:14","slug":"como-puedo-contactar-conmigo","status":"publish","type":"page","link":"https:\/\/kyattox.com\/index.php\/como-puedo-contactar-conmigo\/","title":{"rendered":"\u00bfC\u00f3mo puedo contactar contigo?"},"content":{"rendered":"<figure class=\"wp-block-image alignfull size-large\"><img fetchpriority=\"high\" decoding=\"async\" width=\"1024\" height=\"683\" src=\"https:\/\/kyattox.com\/wp-content\/uploads\/2024\/04\/IMG_9842-1-1024x683.png\" alt=\"\" class=\"wp-image-61\" srcset=\"https:\/\/kyattox.com\/wp-content\/uploads\/2024\/04\/IMG_9842-1-1024x683.png 1024w, https:\/\/kyattox.com\/wp-content\/uploads\/2024\/04\/IMG_9842-1-300x200.png 300w, https:\/\/kyattox.com\/wp-content\/uploads\/2024\/04\/IMG_9842-1-768x512.png 768w, https:\/\/kyattox.com\/wp-content\/uploads\/2024\/04\/IMG_9842-1-1536x1024.png 1536w, https:\/\/kyattox.com\/wp-content\/uploads\/2024\/04\/IMG_9842-1-2048x1365.png 2048w\" sizes=\"(max-width: 1024px) 100vw, 1024px\" \/><\/figure><p>\u00bfEst\u00e1s listo para dar vida a tus ideas y proyectos visuales? \u00a1Entonces est\u00e1s en el lugar correcto! Soy Anas, tambi\u00e9n conocido como Kyattox, y estoy aqu\u00ed para ofrecerte mis servicios de dise\u00f1o digital, fotograf\u00eda y edici\u00f3n de video.<\/p><p>Si est\u00e1s interesado en una comisi\u00f3n art\u00edstica, una sesi\u00f3n de fotograf\u00eda para tu negocio o necesitas servicios de edici\u00f3n de video, \u00a1no dudes en ponerte en contacto conmigo! Puedes encontrarme en Instagram a trav\u00e9s de mi perfil @AnasKrikechOlaya, donde podr\u00e1s ver muestras de mi trabajo y ponerte en contacto directo conmigo. Recuerda indicarme el motivo de tu consulta junto con tu nombre para poder brindarte la mejor atenci\u00f3n posible.<\/p><p>Tambi\u00e9n puedes contactarme f\u00e1cilmente a trav\u00e9s de WhatsApp al n\u00famero +34 678905999. Al igual que en Instagram, es importante que me indiques el motivo de tu consulta y tu nombre para que pueda responder de manera r\u00e1pida y eficiente a tus necesidades creativas.<\/p><p>Adem\u00e1s, si prefieres el contacto por correo electr\u00f3nico, no dudes en escribirme a <a>Contacto@Kyattox.com<\/a>. Estar\u00e9 encantado de recibir tu mensaje y trabajar contigo para hacer realidad tu visi\u00f3n creativa.<\/p><p>Ya sea que necesites una obra de arte personalizada, fotograf\u00edas impresionantes para tu negocio o una edici\u00f3n de video profesional, estoy aqu\u00ed para ayudarte. \u00a1No esperes m\u00e1s y cont\u00e1ctame hoy mismo para comenzar a convertir tus ideas en realidad!<\/p>","protected":false},"excerpt":{"rendered":"<p>\u00bfEst\u00e1s listo para dar vida a tus ideas y proyectos visuales? \u00a1Entonces est\u00e1s en el lugar correcto! Soy Anas, tambi\u00e9n conocido como Kyattox, y estoy aqu\u00ed para ofrecerte mis servicios de dise\u00f1o digital, fotograf\u00eda y edici\u00f3n de video. Si est\u00e1s interesado en una comisi\u00f3n art\u00edstica, una sesi\u00f3n de fotograf\u00eda para tu negocio o necesitas servicios [&hellip;]<\/p>\n","protected":false},"author":1,"featured_media":0,"parent":0,"menu_order":0,"comment_status":"closed","ping_status":"closed","template":"","meta":{"footnotes":""},"class_list":["post-58","page","type-page","status-publish","hentry"],"_links":{"self":[{"href":"https:\/\/kyattox.com\/index.php\/wp-json\/wp\/v2\/pages\/58","targetHints":{"allow":["GET"]}}],"collection":[{"href":"https:\/\/kyattox.com\/index.php\/wp-json\/wp\/v2\/pages"}],"about":[{"href":"https:\/\/kyattox.com\/index.php\/wp-json\/wp\/v2\/types\/page"}],"author":[{"embeddable":true,"href":"https:\/\/kyattox.com\/index.php\/wp-json\/wp\/v2\/users\/1"}],"replies":[{"embeddable":true,"href":"https:\/\/kyattox.com\/index.php\/wp-json\/wp\/v2\/comments?post=58"}],"version-history":[{"count":2,"href":"https:\/\/kyattox.com\/index.php\/wp-json\/wp\/v2\/pages\/58\/revisions"}],"predecessor-version":[{"id":63,"href":"https:\/\/kyattox.com\/index.php\/wp-json\/wp\/v2\/pages\/58\/revisions\/63"}],"wp:attachment":[{"href":"https:\/\/kyattox.com\/index.php\/wp-json\/wp\/v2\/media?parent=58"}],"curies":[{"name":"wp","href":"https:\/\/api.w.org\/{rel}","templated":true}]}}