{"id":64,"date":"2024-04-06T15:04:41","date_gmt":"2024-04-06T15:04:41","guid":{"rendered":"https:\/\/kyattox.com\/?page_id=64"},"modified":"2024-04-16T20:20:45","modified_gmt":"2024-04-16T20:20:45","slug":"portafolio-diseno-grafico","status":"publish","type":"page","link":"https:\/\/kyattox.com\/index.php\/portafolio-diseno-grafico\/","title":{"rendered":"Portafolio         Dise\u00f1o Grafico"},"content":{"rendered":"<h5 class=\"wp-block-heading alignwide\">Bienvenido a mi portafolio creativo, donde la imaginaci\u00f3n cobra vida a trav\u00e9s del dise\u00f1o gr\u00e1fico. A lo largo de mi trayectoria profesional, he tenido el privilegio de colaborar con una amplia variedad de clientes, creando obras de arte digitales que capturan la esencia de sus proyectos y marcas. A continuaci\u00f3n, te presento algunos ejemplos de mi trabajo para diferentes clientes, donde cada proyecto representa un viaje \u00fanico en el que he tenido el honor de dar forma a diversas visiones creativas. Sum\u00e9rgete en estos ejemplos que he realizado para varios clientes y descubre la magia del dise\u00f1o gr\u00e1fico en acci\u00f3n. \u00a1Espero que disfrutes explorando mi mundo creativo tanto como yo disfrut\u00e9 cre\u00e1ndolo!<\/h5><p class=\"has-text-align-center has-large-font-size\"><strong>Stickers tematica chibby para StickersOnBoard<\/strong><\/p><p><\/p><div class=\"wp-block-group has-global-padding is-layout-constrained wp-block-group-is-layout-constrained\"><div class=\"wp-block-group is-content-justification-center is-nowrap is-layout-flex wp-container-core-group-is-layout-23441af8 wp-block-group-is-layout-flex\"><figure class=\"wp-block-image is-resized\"><img fetchpriority=\"high\" decoding=\"async\" width=\"1024\" height=\"1024\" src=\"https:\/\/kyattox.com\/wp-content\/uploads\/2024\/04\/Gengar-finished-version-1024x1024.png\" alt=\"\" class=\"wp-image-38\" style=\"width:608px;height:auto\" srcset=\"https:\/\/kyattox.com\/wp-content\/uploads\/2024\/04\/Gengar-finished-version-1024x1024.png 1024w, https:\/\/kyattox.com\/wp-content\/uploads\/2024\/04\/Gengar-finished-version-300x300.png 300w, https:\/\/kyattox.com\/wp-content\/uploads\/2024\/04\/Gengar-finished-version-150x150.png 150w, https:\/\/kyattox.com\/wp-content\/uploads\/2024\/04\/Gengar-finished-version-768x768.png 768w, https:\/\/kyattox.com\/wp-content\/uploads\/2024\/04\/Gengar-finished-version-1536x1536.png 1536w, https:\/\/kyattox.com\/wp-content\/uploads\/2024\/04\/Gengar-finished-version-2048x2048.png 2048w\" sizes=\"(max-width: 1024px) 100vw, 1024px\" \/><\/figure>\n\n<figure class=\"wp-block-image size-large is-resized\"><img decoding=\"async\" width=\"1024\" height=\"1024\" src=\"https:\/\/kyattox.com\/wp-content\/uploads\/2024\/04\/Bulvasur-Finished-pacifier-1024x1024.png\" alt=\"\" class=\"wp-image-39\" style=\"width:608px\" srcset=\"https:\/\/kyattox.com\/wp-content\/uploads\/2024\/04\/Bulvasur-Finished-pacifier-1024x1024.png 1024w, https:\/\/kyattox.com\/wp-content\/uploads\/2024\/04\/Bulvasur-Finished-pacifier-300x300.png 300w, https:\/\/kyattox.com\/wp-content\/uploads\/2024\/04\/Bulvasur-Finished-pacifier-150x150.png 150w, https:\/\/kyattox.com\/wp-content\/uploads\/2024\/04\/Bulvasur-Finished-pacifier-768x768.png 768w, https:\/\/kyattox.com\/wp-content\/uploads\/2024\/04\/Bulvasur-Finished-pacifier-1536x1536.png 1536w, https:\/\/kyattox.com\/wp-content\/uploads\/2024\/04\/Bulvasur-Finished-pacifier-2048x2048.png 2048w\" sizes=\"(max-width: 1024px) 100vw, 1024px\" \/><\/figure>\n\n<figure class=\"wp-block-image size-large is-resized\"><img decoding=\"async\" width=\"1024\" height=\"1024\" src=\"https:\/\/kyattox.com\/wp-content\/uploads\/2024\/04\/Charmander-finished-version-pacifier-1024x1024.png\" alt=\"\" class=\"wp-image-37\" style=\"width:608px;height:auto\" srcset=\"https:\/\/kyattox.com\/wp-content\/uploads\/2024\/04\/Charmander-finished-version-pacifier-1024x1024.png 1024w, https:\/\/kyattox.com\/wp-content\/uploads\/2024\/04\/Charmander-finished-version-pacifier-300x300.png 300w, https:\/\/kyattox.com\/wp-content\/uploads\/2024\/04\/Charmander-finished-version-pacifier-150x150.png 150w, https:\/\/kyattox.com\/wp-content\/uploads\/2024\/04\/Charmander-finished-version-pacifier-768x768.png 768w, https:\/\/kyattox.com\/wp-content\/uploads\/2024\/04\/Charmander-finished-version-pacifier-1536x1536.png 1536w, https:\/\/kyattox.com\/wp-content\/uploads\/2024\/04\/Charmander-finished-version-pacifier-2048x2048.png 2048w\" sizes=\"(max-width: 1024px) 100vw, 1024px\" \/><\/figure><\/div><\/div><div class=\"wp-block-group is-content-justification-center is-nowrap is-layout-flex wp-container-core-group-is-layout-23441af8 wp-block-group-is-layout-flex\"><figure class=\"wp-block-image size-large is-resized\"><img loading=\"lazy\" decoding=\"async\" width=\"1024\" height=\"1024\" src=\"https:\/\/kyattox.com\/wp-content\/uploads\/2024\/04\/Squirtle-finished-version-1024x1024.png\" alt=\"\" class=\"wp-image-78\" style=\"width:608px;height:auto\" srcset=\"https:\/\/kyattox.com\/wp-content\/uploads\/2024\/04\/Squirtle-finished-version-1024x1024.png 1024w, https:\/\/kyattox.com\/wp-content\/uploads\/2024\/04\/Squirtle-finished-version-300x300.png 300w, https:\/\/kyattox.com\/wp-content\/uploads\/2024\/04\/Squirtle-finished-version-150x150.png 150w, https:\/\/kyattox.com\/wp-content\/uploads\/2024\/04\/Squirtle-finished-version-768x768.png 768w, https:\/\/kyattox.com\/wp-content\/uploads\/2024\/04\/Squirtle-finished-version-1536x1536.png 1536w, https:\/\/kyattox.com\/wp-content\/uploads\/2024\/04\/Squirtle-finished-version-2048x2048.png 2048w\" sizes=\"(max-width: 1024px) 100vw, 1024px\" \/><\/figure>\n\n<figure class=\"wp-block-image size-large is-resized\"><img loading=\"lazy\" decoding=\"async\" width=\"1024\" height=\"1024\" src=\"https:\/\/kyattox.com\/wp-content\/uploads\/2024\/04\/Pikachu-finished-version-1024x1024.png\" alt=\"\" class=\"wp-image-79\" style=\"width:608px\" srcset=\"https:\/\/kyattox.com\/wp-content\/uploads\/2024\/04\/Pikachu-finished-version-1024x1024.png 1024w, https:\/\/kyattox.com\/wp-content\/uploads\/2024\/04\/Pikachu-finished-version-300x300.png 300w, https:\/\/kyattox.com\/wp-content\/uploads\/2024\/04\/Pikachu-finished-version-150x150.png 150w, https:\/\/kyattox.com\/wp-content\/uploads\/2024\/04\/Pikachu-finished-version-768x768.png 768w, https:\/\/kyattox.com\/wp-content\/uploads\/2024\/04\/Pikachu-finished-version-1536x1536.png 1536w, https:\/\/kyattox.com\/wp-content\/uploads\/2024\/04\/Pikachu-finished-version-2048x2048.png 2048w\" sizes=\"(max-width: 1024px) 100vw, 1024px\" \/><\/figure><\/div><div class=\"wp-block-group is-content-justification-center is-nowrap is-layout-flex wp-container-core-group-is-layout-23441af8 wp-block-group-is-layout-flex\"><figure class=\"wp-block-image size-large is-resized\"><img loading=\"lazy\" decoding=\"async\" width=\"1024\" height=\"1024\" src=\"https:\/\/kyattox.com\/wp-content\/uploads\/2024\/04\/chichi-1024x1024.png\" alt=\"\" class=\"wp-image-42\" style=\"width:608px\" srcset=\"https:\/\/kyattox.com\/wp-content\/uploads\/2024\/04\/chichi-1024x1024.png 1024w, https:\/\/kyattox.com\/wp-content\/uploads\/2024\/04\/chichi-300x300.png 300w, https:\/\/kyattox.com\/wp-content\/uploads\/2024\/04\/chichi-150x150.png 150w, https:\/\/kyattox.com\/wp-content\/uploads\/2024\/04\/chichi-768x768.png 768w, https:\/\/kyattox.com\/wp-content\/uploads\/2024\/04\/chichi-1536x1536.png 1536w, https:\/\/kyattox.com\/wp-content\/uploads\/2024\/04\/chichi-2048x2048.png 2048w\" sizes=\"(max-width: 1024px) 100vw, 1024px\" \/><\/figure>\n\n<figure class=\"wp-block-image size-large is-resized\"><img loading=\"lazy\" decoding=\"async\" width=\"1024\" height=\"1024\" src=\"https:\/\/kyattox.com\/wp-content\/uploads\/2024\/04\/Android-18-1024x1024.png\" alt=\"\" class=\"wp-image-40\" style=\"width:608px\" srcset=\"https:\/\/kyattox.com\/wp-content\/uploads\/2024\/04\/Android-18-1024x1024.png 1024w, https:\/\/kyattox.com\/wp-content\/uploads\/2024\/04\/Android-18-300x300.png 300w, https:\/\/kyattox.com\/wp-content\/uploads\/2024\/04\/Android-18-150x150.png 150w, https:\/\/kyattox.com\/wp-content\/uploads\/2024\/04\/Android-18-768x768.png 768w, https:\/\/kyattox.com\/wp-content\/uploads\/2024\/04\/Android-18-1536x1536.png 1536w, https:\/\/kyattox.com\/wp-content\/uploads\/2024\/04\/Android-18-2048x2048.png 2048w\" sizes=\"(max-width: 1024px) 100vw, 1024px\" \/><\/figure>\n\n<figure class=\"wp-block-image size-large is-resized\"><img loading=\"lazy\" decoding=\"async\" width=\"1024\" height=\"1024\" src=\"https:\/\/kyattox.com\/wp-content\/uploads\/2024\/04\/bulma-1024x1024.png\" alt=\"\" class=\"wp-image-41\" style=\"width:608px\" srcset=\"https:\/\/kyattox.com\/wp-content\/uploads\/2024\/04\/bulma-1024x1024.png 1024w, https:\/\/kyattox.com\/wp-content\/uploads\/2024\/04\/bulma-300x300.png 300w, https:\/\/kyattox.com\/wp-content\/uploads\/2024\/04\/bulma-150x150.png 150w, https:\/\/kyattox.com\/wp-content\/uploads\/2024\/04\/bulma-768x768.png 768w, https:\/\/kyattox.com\/wp-content\/uploads\/2024\/04\/bulma-1536x1536.png 1536w, https:\/\/kyattox.com\/wp-content\/uploads\/2024\/04\/bulma-2048x2048.png 2048w\" sizes=\"(max-width: 1024px) 100vw, 1024px\" \/><\/figure>\n\n<p><\/p><\/div><div class=\"wp-block-group is-content-justification-center is-nowrap is-layout-flex wp-container-core-group-is-layout-23441af8 wp-block-group-is-layout-flex\"><figure class=\"wp-block-image size-large is-resized\"><img loading=\"lazy\" decoding=\"async\" width=\"1024\" height=\"1024\" src=\"https:\/\/kyattox.com\/wp-content\/uploads\/2024\/04\/Krillin-1024x1024.png\" alt=\"\" class=\"wp-image-76\" style=\"width:608px\" srcset=\"https:\/\/kyattox.com\/wp-content\/uploads\/2024\/04\/Krillin-1024x1024.png 1024w, https:\/\/kyattox.com\/wp-content\/uploads\/2024\/04\/Krillin-300x300.png 300w, https:\/\/kyattox.com\/wp-content\/uploads\/2024\/04\/Krillin-150x150.png 150w, https:\/\/kyattox.com\/wp-content\/uploads\/2024\/04\/Krillin-768x768.png 768w, https:\/\/kyattox.com\/wp-content\/uploads\/2024\/04\/Krillin-1536x1536.png 1536w, https:\/\/kyattox.com\/wp-content\/uploads\/2024\/04\/Krillin-2048x2048.png 2048w\" sizes=\"(max-width: 1024px) 100vw, 1024px\" \/><\/figure>\n\n<figure class=\"wp-block-image size-large is-resized\"><img loading=\"lazy\" decoding=\"async\" width=\"1024\" height=\"1024\" src=\"https:\/\/kyattox.com\/wp-content\/uploads\/2024\/04\/Son-goten-1024x1024.png\" alt=\"\" class=\"wp-image-77\" style=\"width:608px\" srcset=\"https:\/\/kyattox.com\/wp-content\/uploads\/2024\/04\/Son-goten-1024x1024.png 1024w, https:\/\/kyattox.com\/wp-content\/uploads\/2024\/04\/Son-goten-300x300.png 300w, https:\/\/kyattox.com\/wp-content\/uploads\/2024\/04\/Son-goten-150x150.png 150w, https:\/\/kyattox.com\/wp-content\/uploads\/2024\/04\/Son-goten-768x768.png 768w, https:\/\/kyattox.com\/wp-content\/uploads\/2024\/04\/Son-goten-1536x1536.png 1536w, https:\/\/kyattox.com\/wp-content\/uploads\/2024\/04\/Son-goten-2048x2048.png 2048w\" sizes=\"(max-width: 1024px) 100vw, 1024px\" \/><\/figure><\/div><p class=\"has-text-align-center has-large-font-size\"><strong>Stickers tematica peeker para ChibisWeater<\/strong><\/p><p><\/p><div class=\"wp-block-group is-content-justification-center is-nowrap is-layout-flex wp-container-core-group-is-layout-23441af8 wp-block-group-is-layout-flex\"><figure class=\"wp-block-image size-full is-resized\"><img loading=\"lazy\" decoding=\"async\" width=\"1000\" height=\"1000\" src=\"https:\/\/kyattox.com\/wp-content\/uploads\/2024\/04\/ChibiN5-2.png\" alt=\"\" class=\"wp-image-68\" style=\"width:608px\" srcset=\"https:\/\/kyattox.com\/wp-content\/uploads\/2024\/04\/ChibiN5-2.png 1000w, https:\/\/kyattox.com\/wp-content\/uploads\/2024\/04\/ChibiN5-2-300x300.png 300w, https:\/\/kyattox.com\/wp-content\/uploads\/2024\/04\/ChibiN5-2-150x150.png 150w, https:\/\/kyattox.com\/wp-content\/uploads\/2024\/04\/ChibiN5-2-768x768.png 768w\" sizes=\"(max-width: 1000px) 100vw, 1000px\" \/><\/figure>\n\n<figure class=\"wp-block-image size-full is-resized\"><img loading=\"lazy\" decoding=\"async\" width=\"1000\" height=\"1000\" src=\"https:\/\/kyattox.com\/wp-content\/uploads\/2024\/04\/ChibiN2.png\" alt=\"\" class=\"wp-image-27\" style=\"width:608px;height:auto\" srcset=\"https:\/\/kyattox.com\/wp-content\/uploads\/2024\/04\/ChibiN2.png 1000w, https:\/\/kyattox.com\/wp-content\/uploads\/2024\/04\/ChibiN2-300x300.png 300w, https:\/\/kyattox.com\/wp-content\/uploads\/2024\/04\/ChibiN2-150x150.png 150w, https:\/\/kyattox.com\/wp-content\/uploads\/2024\/04\/ChibiN2-768x768.png 768w\" sizes=\"(max-width: 1000px) 100vw, 1000px\" \/><\/figure>\n\n<figure class=\"wp-block-image size-full is-resized\"><img loading=\"lazy\" decoding=\"async\" width=\"1000\" height=\"1000\" src=\"https:\/\/kyattox.com\/wp-content\/uploads\/2024\/04\/ChibiN3.png\" alt=\"\" class=\"wp-image-28\" style=\"width:608px\" srcset=\"https:\/\/kyattox.com\/wp-content\/uploads\/2024\/04\/ChibiN3.png 1000w, https:\/\/kyattox.com\/wp-content\/uploads\/2024\/04\/ChibiN3-300x300.png 300w, https:\/\/kyattox.com\/wp-content\/uploads\/2024\/04\/ChibiN3-150x150.png 150w, https:\/\/kyattox.com\/wp-content\/uploads\/2024\/04\/ChibiN3-768x768.png 768w\" sizes=\"(max-width: 1000px) 100vw, 1000px\" \/><\/figure><\/div><div class=\"wp-block-group is-content-justification-center is-nowrap is-layout-flex wp-container-core-group-is-layout-23441af8 wp-block-group-is-layout-flex\"><figure class=\"wp-block-image size-large is-resized\"><img loading=\"lazy\" decoding=\"async\" width=\"1024\" height=\"683\" src=\"https:\/\/kyattox.com\/wp-content\/uploads\/2024\/04\/SpyxFamilypng-1024x683.png\" alt=\"\" class=\"wp-image-73\" style=\"width:700px\" srcset=\"https:\/\/kyattox.com\/wp-content\/uploads\/2024\/04\/SpyxFamilypng-1024x683.png 1024w, https:\/\/kyattox.com\/wp-content\/uploads\/2024\/04\/SpyxFamilypng-300x200.png 300w, https:\/\/kyattox.com\/wp-content\/uploads\/2024\/04\/SpyxFamilypng-768x512.png 768w, https:\/\/kyattox.com\/wp-content\/uploads\/2024\/04\/SpyxFamilypng.png 1200w\" sizes=\"(max-width: 1024px) 100vw, 1024px\" \/><\/figure>\n\n<figure class=\"wp-block-image size-full is-resized\"><img loading=\"lazy\" decoding=\"async\" width=\"1000\" height=\"1000\" src=\"https:\/\/kyattox.com\/wp-content\/uploads\/2024\/04\/Chibi-yorg-v2.png\" alt=\"\" class=\"wp-image-75\" style=\"width:608px\" srcset=\"https:\/\/kyattox.com\/wp-content\/uploads\/2024\/04\/Chibi-yorg-v2.png 1000w, https:\/\/kyattox.com\/wp-content\/uploads\/2024\/04\/Chibi-yorg-v2-300x300.png 300w, https:\/\/kyattox.com\/wp-content\/uploads\/2024\/04\/Chibi-yorg-v2-150x150.png 150w, https:\/\/kyattox.com\/wp-content\/uploads\/2024\/04\/Chibi-yorg-v2-768x768.png 768w\" sizes=\"(max-width: 1000px) 100vw, 1000px\" \/><\/figure><\/div><p class=\"has-text-align-center has-large-font-size\"><strong>Vectorizaci\u00f3n y Peeker Sticker para JosesWorld<\/strong><\/p><p><\/p><div class=\"wp-block-group is-content-justification-center is-nowrap is-layout-flex wp-container-core-group-is-layout-23441af8 wp-block-group-is-layout-flex\"><figure class=\"wp-block-image size-large is-resized\"><img loading=\"lazy\" decoding=\"async\" width=\"1024\" height=\"1024\" src=\"https:\/\/kyattox.com\/wp-content\/uploads\/2024\/04\/Vegetta-final-without-background-1024x1024.png\" alt=\"\" class=\"wp-image-67\" style=\"width:608px\" srcset=\"https:\/\/kyattox.com\/wp-content\/uploads\/2024\/04\/Vegetta-final-without-background-1024x1024.png 1024w, https:\/\/kyattox.com\/wp-content\/uploads\/2024\/04\/Vegetta-final-without-background-300x300.png 300w, https:\/\/kyattox.com\/wp-content\/uploads\/2024\/04\/Vegetta-final-without-background-150x150.png 150w, https:\/\/kyattox.com\/wp-content\/uploads\/2024\/04\/Vegetta-final-without-background-768x768.png 768w, https:\/\/kyattox.com\/wp-content\/uploads\/2024\/04\/Vegetta-final-without-background-1536x1536.png 1536w, https:\/\/kyattox.com\/wp-content\/uploads\/2024\/04\/Vegetta-final-without-background-2048x2048.png 2048w\" sizes=\"(max-width: 1024px) 100vw, 1024px\" \/><\/figure>\n\n<figure class=\"wp-block-image size-large is-resized\"><img loading=\"lazy\" decoding=\"async\" width=\"1024\" height=\"1024\" src=\"https:\/\/kyattox.com\/wp-content\/uploads\/2024\/04\/Goku-final-without-background-1024x1024.png\" alt=\"\" class=\"wp-image-66\" style=\"width:608px\" srcset=\"https:\/\/kyattox.com\/wp-content\/uploads\/2024\/04\/Goku-final-without-background-1024x1024.png 1024w, https:\/\/kyattox.com\/wp-content\/uploads\/2024\/04\/Goku-final-without-background-300x300.png 300w, https:\/\/kyattox.com\/wp-content\/uploads\/2024\/04\/Goku-final-without-background-150x150.png 150w, https:\/\/kyattox.com\/wp-content\/uploads\/2024\/04\/Goku-final-without-background-768x768.png 768w, https:\/\/kyattox.com\/wp-content\/uploads\/2024\/04\/Goku-final-without-background-1536x1536.png 1536w, https:\/\/kyattox.com\/wp-content\/uploads\/2024\/04\/Goku-final-without-background-2048x2048.png 2048w\" sizes=\"(max-width: 1024px) 100vw, 1024px\" \/><\/figure>\n\n<figure class=\"wp-block-image size-full is-resized\"><img loading=\"lazy\" decoding=\"async\" width=\"1000\" height=\"1000\" src=\"https:\/\/kyattox.com\/wp-content\/uploads\/2024\/04\/Broly-sticker-peeker.png\" alt=\"\" class=\"wp-image-65\" style=\"width:608px\" srcset=\"https:\/\/kyattox.com\/wp-content\/uploads\/2024\/04\/Broly-sticker-peeker.png 1000w, https:\/\/kyattox.com\/wp-content\/uploads\/2024\/04\/Broly-sticker-peeker-300x300.png 300w, https:\/\/kyattox.com\/wp-content\/uploads\/2024\/04\/Broly-sticker-peeker-150x150.png 150w, https:\/\/kyattox.com\/wp-content\/uploads\/2024\/04\/Broly-sticker-peeker-768x768.png 768w\" sizes=\"(max-width: 1000px) 100vw, 1000px\" \/><\/figure><\/div><p class=\"has-text-align-center has-large-font-size\"><strong>Redise\u00f1o de logo para NoodleMaster<\/strong><\/p><p><\/p><figure class=\"wp-block-image size-large\"><img loading=\"lazy\" decoding=\"async\" width=\"1024\" height=\"1024\" src=\"https:\/\/kyattox.com\/wp-content\/uploads\/2024\/04\/Peaker-sticker-white-text-headband-1024x1024.png\" alt=\"\" class=\"wp-image-69\" srcset=\"https:\/\/kyattox.com\/wp-content\/uploads\/2024\/04\/Peaker-sticker-white-text-headband-1024x1024.png 1024w, https:\/\/kyattox.com\/wp-content\/uploads\/2024\/04\/Peaker-sticker-white-text-headband-300x300.png 300w, https:\/\/kyattox.com\/wp-content\/uploads\/2024\/04\/Peaker-sticker-white-text-headband-150x150.png 150w, https:\/\/kyattox.com\/wp-content\/uploads\/2024\/04\/Peaker-sticker-white-text-headband-768x768.png 768w, https:\/\/kyattox.com\/wp-content\/uploads\/2024\/04\/Peaker-sticker-white-text-headband-1536x1536.png 1536w, https:\/\/kyattox.com\/wp-content\/uploads\/2024\/04\/Peaker-sticker-white-text-headband-2048x2048.png 2048w\" sizes=\"(max-width: 1024px) 100vw, 1024px\" \/><\/figure><p class=\"has-text-align-center has-large-font-size\"><strong>Emotes \/ Badgets para Brookenb<\/strong><\/p><p><\/p><div class=\"wp-block-group is-content-justification-center is-nowrap is-layout-flex wp-container-core-group-is-layout-23441af8 wp-block-group-is-layout-flex\"><figure class=\"wp-block-image size-full is-resized\"><img loading=\"lazy\" decoding=\"async\" width=\"1000\" height=\"1000\" src=\"https:\/\/kyattox.com\/wp-content\/uploads\/2024\/04\/Little-girl.png\" alt=\"\" class=\"wp-image-70\" style=\"width:608px\" srcset=\"https:\/\/kyattox.com\/wp-content\/uploads\/2024\/04\/Little-girl.png 1000w, https:\/\/kyattox.com\/wp-content\/uploads\/2024\/04\/Little-girl-300x300.png 300w, https:\/\/kyattox.com\/wp-content\/uploads\/2024\/04\/Little-girl-150x150.png 150w, https:\/\/kyattox.com\/wp-content\/uploads\/2024\/04\/Little-girl-768x768.png 768w\" sizes=\"(max-width: 1000px) 100vw, 1000px\" \/><\/figure>\n\n<figure class=\"wp-block-image size-full is-resized\"><img loading=\"lazy\" decoding=\"async\" width=\"1000\" height=\"1000\" src=\"https:\/\/kyattox.com\/wp-content\/uploads\/2024\/04\/Woman.png\" alt=\"\" class=\"wp-image-71\" style=\"width:608px\" srcset=\"https:\/\/kyattox.com\/wp-content\/uploads\/2024\/04\/Woman.png 1000w, https:\/\/kyattox.com\/wp-content\/uploads\/2024\/04\/Woman-300x300.png 300w, https:\/\/kyattox.com\/wp-content\/uploads\/2024\/04\/Woman-150x150.png 150w, https:\/\/kyattox.com\/wp-content\/uploads\/2024\/04\/Woman-768x768.png 768w\" sizes=\"(max-width: 1000px) 100vw, 1000px\" \/><\/figure>\n\n<figure class=\"wp-block-image size-full is-resized\"><img loading=\"lazy\" decoding=\"async\" width=\"1000\" height=\"1000\" src=\"https:\/\/kyattox.com\/wp-content\/uploads\/2024\/04\/Man.png\" alt=\"\" class=\"wp-image-72\" style=\"width:608px\" srcset=\"https:\/\/kyattox.com\/wp-content\/uploads\/2024\/04\/Man.png 1000w, https:\/\/kyattox.com\/wp-content\/uploads\/2024\/04\/Man-300x300.png 300w, https:\/\/kyattox.com\/wp-content\/uploads\/2024\/04\/Man-150x150.png 150w, https:\/\/kyattox.com\/wp-content\/uploads\/2024\/04\/Man-768x768.png 768w\" sizes=\"(max-width: 1000px) 100vw, 1000px\" \/><\/figure><\/div><p class=\"has-text-align-center has-large-font-size\"><strong>Dise\u00f1os de camisetas para Pampling<\/strong><\/p><figure class=\"wp-block-image size-large\"><img loading=\"lazy\" decoding=\"async\" width=\"931\" height=\"1024\" src=\"https:\/\/kyattox.com\/wp-content\/uploads\/2024\/04\/Caution-teeepublic-931x1024.png\" alt=\"\" class=\"wp-image-93\" srcset=\"https:\/\/kyattox.com\/wp-content\/uploads\/2024\/04\/Caution-teeepublic-931x1024.png 931w, https:\/\/kyattox.com\/wp-content\/uploads\/2024\/04\/Caution-teeepublic-273x300.png 273w, https:\/\/kyattox.com\/wp-content\/uploads\/2024\/04\/Caution-teeepublic-768x845.png 768w, https:\/\/kyattox.com\/wp-content\/uploads\/2024\/04\/Caution-teeepublic-1396x1536.png 1396w, https:\/\/kyattox.com\/wp-content\/uploads\/2024\/04\/Caution-teeepublic-1862x2048.png 1862w\" sizes=\"(max-width: 931px) 100vw, 931px\" \/><\/figure>","protected":false},"excerpt":{"rendered":"<p>Bienvenido a mi portafolio creativo, donde la imaginaci\u00f3n cobra vida a trav\u00e9s del dise\u00f1o gr\u00e1fico. A lo largo de mi trayectoria profesional, he tenido el privilegio de colaborar con una amplia variedad de clientes, creando obras de arte digitales que capturan la esencia de sus proyectos y marcas. A continuaci\u00f3n, te presento algunos ejemplos de [&hellip;]<\/p>\n","protected":false},"author":1,"featured_media":0,"parent":0,"menu_order":0,"comment_status":"closed","ping_status":"closed","template":"","meta":{"footnotes":""},"class_list":["post-64","page","type-page","status-publish","hentry"],"_links":{"self":[{"href":"https:\/\/kyattox.com\/index.php\/wp-json\/wp\/v2\/pages\/64","targetHints":{"allow":["GET"]}}],"collection":[{"href":"https:\/\/kyattox.com\/index.php\/wp-json\/wp\/v2\/pages"}],"about":[{"href":"https:\/\/kyattox.com\/index.php\/wp-json\/wp\/v2\/types\/page"}],"author":[{"embeddable":true,"href":"https:\/\/kyattox.com\/index.php\/wp-json\/wp\/v2\/users\/1"}],"replies":[{"embeddable":true,"href":"https:\/\/kyattox.com\/index.php\/wp-json\/wp\/v2\/comments?post=64"}],"version-history":[{"count":2,"href":"https:\/\/kyattox.com\/index.php\/wp-json\/wp\/v2\/pages\/64\/revisions"}],"predecessor-version":[{"id":94,"href":"https:\/\/kyattox.com\/index.php\/wp-json\/wp\/v2\/pages\/64\/revisions\/94"}],"wp:attachment":[{"href":"https:\/\/kyattox.com\/index.php\/wp-json\/wp\/v2\/media?parent=64"}],"curies":[{"name":"wp","href":"https:\/\/api.w.org\/{rel}","templated":true}]}}